{"id":552,"date":"2022-07-08T11:48:37","date_gmt":"2022-07-08T09:48:37","guid":{"rendered":"http:\/\/changementsocialbenin.com\/?page_id=552"},"modified":"2024-07-25T13:34:49","modified_gmt":"2024-07-25T11:34:49","slug":"education-aux-droits-humains","status":"publish","type":"page","link":"https:\/\/changementsocialbenin.org\/index.php\/education-aux-droits-humains\/","title":{"rendered":"Education aux droits humains"},"content":{"rendered":"\t\t<div data-elementor-type=\"wp-page\" data-elementor-id=\"552\" class=\"elementor elementor-552\" data-elementor-settings=\"{&quot;ha_cmc_init_switcher&quot;:&quot;no&quot;}\" data-elementor-post-type=\"page\">\n\t\t\t\t\t\t<section class=\"elementor-section elementor-top-section elementor-element elementor-element-2220fd03 elementor-section-boxed elementor-section-height-default elementor-section-height-default wpr-particle-no wpr-jarallax-no wpr-parallax-no wpr-sticky-section-no\" data-id=\"2220fd03\" data-element_type=\"section\" data-settings=\"{&quot;background_background&quot;:&quot;classic&quot;,&quot;_ha_eqh_enable&quot;:false}\">\n\t\t\t\t\t\t<div class=\"elementor-container elementor-column-gap-default\">\n\t\t\t\t\t<div class=\"elementor-column elementor-col-100 elementor-top-column elementor-element elementor-element-9ff94e0\" data-id=\"9ff94e0\" data-element_type=\"column\">\n\t\t\t<div class=\"elementor-widget-wrap elementor-element-populated\">\n\t\t\t\t\t\t<section class=\"elementor-section elementor-inner-section elementor-element elementor-element-7065687a elementor-section-boxed elementor-section-height-default elementor-section-height-default wpr-particle-no wpr-jarallax-no wpr-parallax-no wpr-sticky-section-no\" data-id=\"7065687a\" data-element_type=\"section\" data-settings=\"{&quot;_ha_eqh_enable&quot;:false}\">\n\t\t\t\t\t\t<div class=\"elementor-container elementor-column-gap-default\">\n\t\t\t\t\t<div class=\"elementor-column elementor-col-50 elementor-inner-column elementor-element elementor-element-21f690ce\" data-id=\"21f690ce\" data-element_type=\"column\">\n\t\t\t<div class=\"elementor-widget-wrap elementor-element-populated\">\n\t\t\t\t\t\t<div class=\"elementor-element elementor-element-3fad3500 elementor-widget elementor-widget-image\" data-id=\"3fad3500\" data-element_type=\"widget\" data-widget_type=\"image.default\">\n\t\t\t\t<div class=\"elementor-widget-container\">\n\t\t\t\t\t\t\t\t\t\t\t\t\t\t\t<img fetchpriority=\"high\" decoding=\"async\" width=\"1000\" height=\"750\" src=\"https:\/\/changementsocialbenin.org\/wp-content\/uploads\/2022\/11\/IMG_20201223_161037_180-1024x768.jpg\" class=\"attachment-large size-large wp-image-1757\" alt=\"Sensibilisation sur la Charte Africaine des principes et valeurs du service public et de l&#039;administration\" srcset=\"https:\/\/changementsocialbenin.org\/wp-content\/uploads\/2022\/11\/IMG_20201223_161037_180-1024x768.jpg 1024w, https:\/\/changementsocialbenin.org\/wp-content\/uploads\/2022\/11\/IMG_20201223_161037_180-300x225.jpg 300w, https:\/\/changementsocialbenin.org\/wp-content\/uploads\/2022\/11\/IMG_20201223_161037_180-768x576.jpg 768w, https:\/\/changementsocialbenin.org\/wp-content\/uploads\/2022\/11\/IMG_20201223_161037_180-1536x1152.jpg 1536w, https:\/\/changementsocialbenin.org\/wp-content\/uploads\/2022\/11\/IMG_20201223_161037_180-2048x1536.jpg 2048w, https:\/\/changementsocialbenin.org\/wp-content\/uploads\/2022\/11\/IMG_20201223_161037_180-200x150.jpg 200w\" sizes=\"(max-width: 1000px) 100vw, 1000px\" \/>\t\t\t\t\t\t\t\t\t\t\t\t\t\t\t<\/div>\n\t\t\t\t<\/div>\n\t\t\t\t\t<\/div>\n\t\t<\/div>\n\t\t\t\t<div class=\"elementor-column elementor-col-50 elementor-inner-column elementor-element elementor-element-10f8ef2\" data-id=\"10f8ef2\" data-element_type=\"column\">\n\t\t\t<div class=\"elementor-widget-wrap elementor-element-populated\">\n\t\t\t\t\t\t<div class=\"elementor-element elementor-element-b14af44 elementor-widget elementor-widget-heading\" data-id=\"b14af44\" data-element_type=\"widget\" data-widget_type=\"heading.default\">\n\t\t\t\t<div class=\"elementor-widget-container\">\n\t\t\t\t\t<h2 class=\"elementor-heading-title elementor-size-default\">Education aux droits humains<\/h2>\t\t\t\t<\/div>\n\t\t\t\t<\/div>\n\t\t\t\t<div class=\"elementor-element elementor-element-11ffc368 elementor-widget elementor-widget-text-editor\" data-id=\"11ffc368\" data-element_type=\"widget\" data-widget_type=\"text-editor.default\">\n\t\t\t\t<div class=\"elementor-widget-container\">\n\t\t\t\t\t\t\t\t\t<p>Le programme \u2018\u2019 Education aux Droits Humains \u2018\u2019 se focalise sur un processus de responsabilisation partant de tout apprentissage permettant d\u2019acqu\u00e9rir des connaissances, comp\u00e9tences, aptitudes, attitudes n\u00e9cessaires dans le domaine des droits humains. Il s\u2019agit d\u2019un programme transversal \u00e0 toutes les initiatives de Changement Social B\u00e9nin en vue de contribuer de mani\u00e8re essentielle \u00e0 pr\u00e9venir \u00e0 long terme les violations et atteintes aux droits de l\u2019Homme et \u00e0 r\u00e9aliser une soci\u00e9t\u00e9 juste dans laquelle tous les droits de l\u2019Homme de tous et toutes sont promus, respect\u00e9s, prot\u00e9g\u00e9s et satisfaits. Dans ce cadre l\u2019organisation se sert prioritairement des outils \u00e9labor\u00e9s en la mati\u00e8re par les Nations Unies, notamment par le Haut-Commissariat des Nations Unies aux Droits de l\u2019Homme.<\/p>\t\t\t\t\t\t\t\t<\/div>\n\t\t\t\t<\/div>\n\t\t\t\t\t<\/div>\n\t\t<\/div>\n\t\t\t\t\t<\/div>\n\t\t<\/section>\n\t\t\t\t\t<\/div>\n\t\t<\/div>\n\t\t\t\t\t<\/div>\n\t\t<\/section>\n\t\t\t\t<section class=\"elementor-section elementor-inner-section elementor-element elementor-element-3cfeb0d8 elementor-section-boxed elementor-section-height-default elementor-section-height-default wpr-particle-no wpr-jarallax-no wpr-parallax-no wpr-sticky-section-no\" data-id=\"3cfeb0d8\" data-element_type=\"section\" data-settings=\"{&quot;_ha_eqh_enable&quot;:false}\">\n\t\t\t\t\t\t<div class=\"elementor-container elementor-column-gap-default\">\n\t\t\t\t\t<div class=\"elementor-column elementor-col-50 elementor-inner-column elementor-element elementor-element-61666fbf\" data-id=\"61666fbf\" data-element_type=\"column\">\n\t\t\t<div class=\"elementor-widget-wrap elementor-element-populated\">\n\t\t\t\t\t\t<div class=\"elementor-element elementor-element-b799924 elementor-widget elementor-widget-spacer\" data-id=\"b799924\" data-element_type=\"widget\" data-widget_type=\"spacer.default\">\n\t\t\t\t<div class=\"elementor-widget-container\">\n\t\t\t\t\t\t\t<div class=\"elementor-spacer\">\n\t\t\t<div class=\"elementor-spacer-inner\"><\/div>\n\t\t<\/div>\n\t\t\t\t\t\t<\/div>\n\t\t\t\t<\/div>\n\t\t\t\t\t<\/div>\n\t\t<\/div>\n\t\t\t\t<div class=\"elementor-column elementor-col-50 elementor-inner-column elementor-element elementor-element-98c2a07\" data-id=\"98c2a07\" data-element_type=\"column\">\n\t\t\t<div class=\"elementor-widget-wrap\">\n\t\t\t\t\t\t\t<\/div>\n\t\t<\/div>\n\t\t\t\t\t<\/div>\n\t\t<\/section>\n\t\t\t\t<section class=\"elementor-section elementor-top-section elementor-element elementor-element-5b8c4262 elementor-section-boxed elementor-section-height-default elementor-section-height-default wpr-particle-no wpr-jarallax-no wpr-parallax-no wpr-sticky-section-no\" data-id=\"5b8c4262\" data-element_type=\"section\" data-settings=\"{&quot;background_background&quot;:&quot;classic&quot;,&quot;_ha_eqh_enable&quot;:false}\">\n\t\t\t\t\t\t<div class=\"elementor-container elementor-column-gap-default\">\n\t\t\t\t\t<div class=\"elementor-column elementor-col-100 elementor-top-column elementor-element elementor-element-15097a93\" data-id=\"15097a93\" data-element_type=\"column\">\n\t\t\t<div class=\"elementor-widget-wrap elementor-element-populated\">\n\t\t\t\t\t\t<section class=\"elementor-section elementor-inner-section elementor-element elementor-element-d32e062 elementor-section-boxed elementor-section-height-default elementor-section-height-default wpr-particle-no wpr-jarallax-no wpr-parallax-no wpr-sticky-section-no\" data-id=\"d32e062\" data-element_type=\"section\" data-settings=\"{&quot;_ha_eqh_enable&quot;:false}\">\n\t\t\t\t\t\t<div class=\"elementor-container elementor-column-gap-default\">\n\t\t\t\t\t<div class=\"elementor-column elementor-col-50 elementor-inner-column elementor-element elementor-element-ccdb9fc\" data-id=\"ccdb9fc\" data-element_type=\"column\">\n\t\t\t<div class=\"elementor-widget-wrap elementor-element-populated\">\n\t\t\t\t\t\t<div class=\"elementor-element elementor-element-6b260e7 elementor-widget elementor-widget-heading\" data-id=\"6b260e7\" data-element_type=\"widget\" data-widget_type=\"heading.default\">\n\t\t\t\t<div class=\"elementor-widget-container\">\n\t\t\t\t\t<h2 class=\"elementor-heading-title elementor-size-default\">Projets<\/h2>\t\t\t\t<\/div>\n\t\t\t\t<\/div>\n\t\t\t\t<div class=\"elementor-element elementor-element-f88371 elementor-widget-divider--view-line elementor-widget elementor-widget-divider\" data-id=\"f88371\" data-element_type=\"widget\" data-widget_type=\"divider.default\">\n\t\t\t\t<div class=\"elementor-widget-container\">\n\t\t\t\t\t\t\t<div class=\"elementor-divider\">\n\t\t\t<span class=\"elementor-divider-separator\">\n\t\t\t\t\t\t<\/span>\n\t\t<\/div>\n\t\t\t\t\t\t<\/div>\n\t\t\t\t<\/div>\n\t\t\t\t\t<\/div>\n\t\t<\/div>\n\t\t\t\t<div class=\"elementor-column elementor-col-50 elementor-inner-column elementor-element elementor-element-fa31480\" data-id=\"fa31480\" data-element_type=\"column\">\n\t\t\t<div class=\"elementor-widget-wrap\">\n\t\t\t\t\t\t\t<\/div>\n\t\t<\/div>\n\t\t\t\t\t<\/div>\n\t\t<\/section>\n\t\t\t\t<section class=\"elementor-section elementor-inner-section elementor-element elementor-element-4c592a1e elementor-section-boxed elementor-section-height-default elementor-section-height-default wpr-particle-no wpr-jarallax-no wpr-parallax-no wpr-sticky-section-no\" data-id=\"4c592a1e\" data-element_type=\"section\" data-settings=\"{&quot;_ha_eqh_enable&quot;:false}\">\n\t\t\t\t\t\t<div class=\"elementor-container elementor-column-gap-default\">\n\t\t\t\t\t<div class=\"elementor-column elementor-col-33 elementor-inner-column elementor-element elementor-element-48bc4bd2\" data-id=\"48bc4bd2\" data-element_type=\"column\" data-settings=\"{&quot;background_background&quot;:&quot;classic&quot;}\">\n\t\t\t<div class=\"elementor-widget-wrap elementor-element-populated\">\n\t\t\t\t\t\t<div class=\"elementor-element elementor-element-4da9e04e elementor-widget elementor-widget-image\" data-id=\"4da9e04e\" data-element_type=\"widget\" data-widget_type=\"image.default\">\n\t\t\t\t<div class=\"elementor-widget-container\">\n\t\t\t\t\t\t\t\t\t\t\t\t\t\t\t<img decoding=\"async\" width=\"1000\" height=\"750\" src=\"https:\/\/changementsocialbenin.org\/wp-content\/uploads\/2022\/11\/IMG_20201223_161037_180-1-1024x768.jpg\" class=\"attachment-large size-large wp-image-1854\" alt=\"\" srcset=\"https:\/\/changementsocialbenin.org\/wp-content\/uploads\/2022\/11\/IMG_20201223_161037_180-1-1024x768.jpg 1024w, https:\/\/changementsocialbenin.org\/wp-content\/uploads\/2022\/11\/IMG_20201223_161037_180-1-300x225.jpg 300w, https:\/\/changementsocialbenin.org\/wp-content\/uploads\/2022\/11\/IMG_20201223_161037_180-1-768x576.jpg 768w, https:\/\/changementsocialbenin.org\/wp-content\/uploads\/2022\/11\/IMG_20201223_161037_180-1-1536x1152.jpg 1536w, https:\/\/changementsocialbenin.org\/wp-content\/uploads\/2022\/11\/IMG_20201223_161037_180-1-2048x1536.jpg 2048w, https:\/\/changementsocialbenin.org\/wp-content\/uploads\/2022\/11\/IMG_20201223_161037_180-1-200x150.jpg 200w\" sizes=\"(max-width: 1000px) 100vw, 1000px\" \/>\t\t\t\t\t\t\t\t\t\t\t\t\t\t\t<\/div>\n\t\t\t\t<\/div>\n\t\t\t\t<div class=\"elementor-element elementor-element-1b08090c elementor-widget elementor-widget-heading\" data-id=\"1b08090c\" data-element_type=\"widget\" data-widget_type=\"heading.default\">\n\t\t\t\t<div class=\"elementor-widget-container\">\n\t\t\t\t\t<h2 class=\"elementor-heading-title elementor-size-default\"><a href=\"http:\/\/localhost\/csb\/index.php\/sensibilisation-sur-la-charte-africaine-sur-les-valeurs-et-principes-du-service-public-et-de-ladministration\/\">Sensibilisation sur la Charte africaine sur les valeurs et principes du service public et de l\u2019administration<\/a><\/h2>\t\t\t\t<\/div>\n\t\t\t\t<\/div>\n\t\t\t\t<div class=\"elementor-element elementor-element-15a8a80f elementor-widget elementor-widget-text-editor\" data-id=\"15a8a80f\" data-element_type=\"widget\" data-widget_type=\"text-editor.default\">\n\t\t\t\t<div class=\"elementor-widget-container\">\n\t\t\t\t\t\t\t\t\t<p>Dans leur engagement politique \u00e0 renforcer le professionnalisme et l\u2019\u00e9thique dans le service public en Afrique et \u00e0 promouvoir les valeurs et les principes de la d\u00e9mocratie,<\/p>\t\t\t\t\t\t\t\t<\/div>\n\t\t\t\t<\/div>\n\t\t\t\t<div class=\"elementor-element elementor-element-8236b13 wpr-button-icon-style-inline wpr-button-icon-position-right elementor-widget elementor-widget-wpr-button\" data-id=\"8236b13\" data-element_type=\"widget\" data-widget_type=\"wpr-button.default\">\n\t\t\t\t<div class=\"elementor-widget-container\">\n\t\t\t\t\t\t\n\t\t\t\n\t\t\n\t\t<div class=\"wpr-button-wrap elementor-clearfix\">\n\t\t<a class=\"wpr-button wpr-button-effect wpr-button-none\" data-text=\"Go\" href=\"https:\/\/changementsocialbenin.org\/index.php\/sensibilisation-sur-la-charte-africaine-sur-les-valeurs-et-principes-du-service-public-et-de-ladministration\/\">\n\t\t\t\n\t\t\t<span class=\"wpr-button-content\">\n\t\t\t\t\t\t\t\t\t<span class=\"wpr-button-text\">En savoir plus<\/span>\n\t\t\t\t\t\t\t\t\n\t\t\t\t\t\t\t\t\t<span class=\"wpr-button-icon\"><i class=\"fas fa-angle-right\"><\/i><\/span>\n\t\t\t\t\t\t\t<\/span>\n\t\t<\/a>\n\n\t\t\t\t<\/div>\n\t\n\t\n\t\t\t\t\t<\/div>\n\t\t\t\t<\/div>\n\t\t\t\t\t<\/div>\n\t\t<\/div>\n\t\t\t\t<div class=\"elementor-column elementor-col-33 elementor-inner-column elementor-element elementor-element-bc28c39\" data-id=\"bc28c39\" data-element_type=\"column\">\n\t\t\t<div class=\"elementor-widget-wrap\">\n\t\t\t\t\t\t\t<\/div>\n\t\t<\/div>\n\t\t\t\t<div class=\"elementor-column elementor-col-33 elementor-inner-column elementor-element elementor-element-56ac2bbb\" data-id=\"56ac2bbb\" data-element_type=\"column\" data-settings=\"{&quot;background_background&quot;:&quot;classic&quot;}\">\n\t\t\t<div class=\"elementor-widget-wrap\">\n\t\t\t\t\t\t\t<\/div>\n\t\t<\/div>\n\t\t\t\t\t<\/div>\n\t\t<\/section>\n\t\t\t\t<div class=\"elementor-element elementor-element-70713822 elementor-widget elementor-widget-spacer\" data-id=\"70713822\" data-element_type=\"widget\" data-widget_type=\"spacer.default\">\n\t\t\t\t<div class=\"elementor-widget-container\">\n\t\t\t\t\t\t\t<div class=\"elementor-spacer\">\n\t\t\t<div class=\"elementor-spacer-inner\"><\/div>\n\t\t<\/div>\n\t\t\t\t\t\t<\/div>\n\t\t\t\t<\/div>\n\t\t\t\t\t<\/div>\n\t\t<\/div>\n\t\t\t\t\t<\/div>\n\t\t<\/section>\n\t\t\t\t<\/div>\n\t\t","protected":false},"excerpt":{"rendered":"<p>Le programme \u2018\u2019 Education aux Droits Humains \u2018\u2019 se focalise sur un processus de responsabilisation partant de tout apprentissage permettant d\u2019acqu\u00e9rir des connaissances, comp\u00e9tences, aptitudes, attitudes n\u00e9cessaires dans le domaine des droits humains. Il s\u2019agit d\u2019un programme transversal \u00e0 toutes les initiatives de Changement Social B\u00e9nin en vue de contribuer de mani\u00e8re essentielle \u00e0 pr\u00e9venir \u00e0 long terme les violations et atteintes aux droits de l\u2019Homme et \u00e0 r\u00e9aliser une soci\u00e9t\u00e9 juste dans laquelle tous les droits de l\u2019Homme de tous et toutes sont promus, respect\u00e9s, prot\u00e9g\u00e9s et satisfaits. Dans ce cadre l\u2019organisation se sert prioritairement des outils \u00e9labor\u00e9s en la mati\u00e8re par les Nations Unies, notamment par le Haut-Commissariat des Nations Unies aux Droits de l\u2019Homme. Projets Sensibilisation sur la Charte africaine sur les valeurs et principes du service public et de l\u2019administration Dans leur engagement politique \u00e0 renforcer le professionnalisme et l\u2019\u00e9thique dans le service public en Afrique et \u00e0 promouvoir les valeurs et les principes de la d\u00e9mocratie, En savoir plus<\/p>\n","protected":false},"author":1,"featured_media":0,"parent":0,"menu_order":0,"comment_status":"closed","ping_status":"closed","template":"elementor_header_footer","meta":{"footnotes":""},"class_list":["post-552","page","type-page","status-publish","hentry"],"yoast_head":"<!-- This site is optimized with the Yoast SEO Premium plugin v22.8 (Yoast SEO v24.8.1) - https:\/\/yoast.com\/wordpress\/plugins\/seo\/ -->\n<title>Education aux droits humains - Changement social Benin<\/title>\n<meta name=\"robots\" content=\"index, follow, max-snippet:-1, max-image-preview:large, max-video-preview:-1\" \/>\n<link rel=\"canonical\" href=\"https:\/\/changementsocialbenin.org\/index.php\/education-aux-droits-humains\/\" \/>\n<meta property=\"og:locale\" content=\"fr_FR\" \/>\n<meta property=\"og:type\" content=\"article\" \/>\n<meta property=\"og:title\" content=\"Education aux droits humains\" \/>\n<meta property=\"og:description\" content=\"Le programme \u2018\u2019 Education aux Droits Humains \u2018\u2019 se focalise sur un processus de responsabilisation partant de tout apprentissage permettant d\u2019acqu\u00e9rir des connaissances, comp\u00e9tences, aptitudes, attitudes n\u00e9cessaires dans le domaine des droits humains. Il s\u2019agit d\u2019un programme transversal \u00e0 toutes les initiatives de Changement Social B\u00e9nin en vue de contribuer de mani\u00e8re essentielle \u00e0 pr\u00e9venir \u00e0 long terme les violations et atteintes aux droits de l\u2019Homme et \u00e0 r\u00e9aliser une soci\u00e9t\u00e9 juste dans laquelle tous les droits de l\u2019Homme de tous et toutes sont promus, respect\u00e9s, prot\u00e9g\u00e9s et satisfaits. Dans ce cadre l\u2019organisation se sert prioritairement des outils \u00e9labor\u00e9s en la mati\u00e8re par les Nations Unies, notamment par le Haut-Commissariat des Nations Unies aux Droits de l\u2019Homme. Projets Sensibilisation sur la Charte africaine sur les valeurs et principes du service public et de l\u2019administration Dans leur engagement politique \u00e0 renforcer le professionnalisme et l\u2019\u00e9thique dans le service public en Afrique et \u00e0 promouvoir les valeurs et les principes de la d\u00e9mocratie, En savoir plus\" \/>\n<meta property=\"og:url\" content=\"https:\/\/changementsocialbenin.org\/index.php\/education-aux-droits-humains\/\" \/>\n<meta property=\"og:site_name\" content=\"Changement social Benin\" \/>\n<meta property=\"article:modified_time\" content=\"2024-07-25T11:34:49+00:00\" \/>\n<meta property=\"og:image\" content=\"https:\/\/changementsocialbenin.org\/wp-content\/uploads\/2022\/11\/IMG_20201223_161037_180-scaled.jpg\" \/>\n\t<meta property=\"og:image:width\" content=\"2560\" \/>\n\t<meta property=\"og:image:height\" content=\"1920\" \/>\n\t<meta property=\"og:image:type\" content=\"image\/jpeg\" \/>\n<meta name=\"twitter:card\" content=\"summary_large_image\" \/>\n<meta name=\"twitter:label1\" content=\"Dur\u00e9e de lecture estim\u00e9e\" \/>\n\t<meta name=\"twitter:data1\" content=\"1 minute\" \/>\n<script type=\"application\/ld+json\" class=\"yoast-schema-graph\">{\"@context\":\"https:\/\/schema.org\",\"@graph\":[{\"@type\":\"WebPage\",\"@id\":\"https:\/\/changementsocialbenin.org\/index.php\/education-aux-droits-humains\/\",\"url\":\"https:\/\/changementsocialbenin.org\/index.php\/education-aux-droits-humains\/\",\"name\":\"Education aux droits humains - Changement social Benin\",\"isPartOf\":{\"@id\":\"https:\/\/changementsocialbenin.org\/#website\"},\"primaryImageOfPage\":{\"@id\":\"https:\/\/changementsocialbenin.org\/index.php\/education-aux-droits-humains\/#primaryimage\"},\"image\":{\"@id\":\"https:\/\/changementsocialbenin.org\/index.php\/education-aux-droits-humains\/#primaryimage\"},\"thumbnailUrl\":\"https:\/\/changementsocialbenin.org\/wp-content\/uploads\/2022\/11\/IMG_20201223_161037_180-1024x768.jpg\",\"datePublished\":\"2022-07-08T09:48:37+00:00\",\"dateModified\":\"2024-07-25T11:34:49+00:00\",\"breadcrumb\":{\"@id\":\"https:\/\/changementsocialbenin.org\/index.php\/education-aux-droits-humains\/#breadcrumb\"},\"inLanguage\":\"fr-FR\",\"potentialAction\":[{\"@type\":\"ReadAction\",\"target\":[\"https:\/\/changementsocialbenin.org\/index.php\/education-aux-droits-humains\/\"]}]},{\"@type\":\"ImageObject\",\"inLanguage\":\"fr-FR\",\"@id\":\"https:\/\/changementsocialbenin.org\/index.php\/education-aux-droits-humains\/#primaryimage\",\"url\":\"https:\/\/changementsocialbenin.org\/wp-content\/uploads\/2022\/11\/IMG_20201223_161037_180-scaled.jpg\",\"contentUrl\":\"https:\/\/changementsocialbenin.org\/wp-content\/uploads\/2022\/11\/IMG_20201223_161037_180-scaled.jpg\",\"width\":2560,\"height\":1920,\"caption\":\"Sensibilisation sur la Charte Africaine des principes et valeurs du service public et de l'administration\"},{\"@type\":\"BreadcrumbList\",\"@id\":\"https:\/\/changementsocialbenin.org\/index.php\/education-aux-droits-humains\/#breadcrumb\",\"itemListElement\":[{\"@type\":\"ListItem\",\"position\":1,\"name\":\"Accueil\",\"item\":\"https:\/\/changementsocialbenin.org\/\"},{\"@type\":\"ListItem\",\"position\":2,\"name\":\"Education aux droits humains\"}]},{\"@type\":\"WebSite\",\"@id\":\"https:\/\/changementsocialbenin.org\/#website\",\"url\":\"https:\/\/changementsocialbenin.org\/\",\"name\":\"Changement social Benin\",\"description\":\"\",\"potentialAction\":[{\"@type\":\"SearchAction\",\"target\":{\"@type\":\"EntryPoint\",\"urlTemplate\":\"https:\/\/changementsocialbenin.org\/?s={search_term_string}\"},\"query-input\":{\"@type\":\"PropertyValueSpecification\",\"valueRequired\":true,\"valueName\":\"search_term_string\"}}],\"inLanguage\":\"fr-FR\"}]}<\/script>\n<!-- \/ Yoast SEO Premium plugin. -->","yoast_head_json":{"title":"Education aux droits humains - Changement social Benin","robots":{"index":"index","follow":"follow","max-snippet":"max-snippet:-1","max-image-preview":"max-image-preview:large","max-video-preview":"max-video-preview:-1"},"canonical":"https:\/\/changementsocialbenin.org\/index.php\/education-aux-droits-humains\/","og_locale":"fr_FR","og_type":"article","og_title":"Education aux droits humains","og_description":"Le programme \u2018\u2019 Education aux Droits Humains \u2018\u2019 se focalise sur un processus de responsabilisation partant de tout apprentissage permettant d\u2019acqu\u00e9rir des connaissances, comp\u00e9tences, aptitudes, attitudes n\u00e9cessaires dans le domaine des droits humains. Il s\u2019agit d\u2019un programme transversal \u00e0 toutes les initiatives de Changement Social B\u00e9nin en vue de contribuer de mani\u00e8re essentielle \u00e0 pr\u00e9venir \u00e0 long terme les violations et atteintes aux droits de l\u2019Homme et \u00e0 r\u00e9aliser une soci\u00e9t\u00e9 juste dans laquelle tous les droits de l\u2019Homme de tous et toutes sont promus, respect\u00e9s, prot\u00e9g\u00e9s et satisfaits. Dans ce cadre l\u2019organisation se sert prioritairement des outils \u00e9labor\u00e9s en la mati\u00e8re par les Nations Unies, notamment par le Haut-Commissariat des Nations Unies aux Droits de l\u2019Homme. Projets Sensibilisation sur la Charte africaine sur les valeurs et principes du service public et de l\u2019administration Dans leur engagement politique \u00e0 renforcer le professionnalisme et l\u2019\u00e9thique dans le service public en Afrique et \u00e0 promouvoir les valeurs et les principes de la d\u00e9mocratie, En savoir plus","og_url":"https:\/\/changementsocialbenin.org\/index.php\/education-aux-droits-humains\/","og_site_name":"Changement social Benin","article_modified_time":"2024-07-25T11:34:49+00:00","og_image":[{"width":2560,"height":1920,"url":"https:\/\/changementsocialbenin.org\/wp-content\/uploads\/2022\/11\/IMG_20201223_161037_180-scaled.jpg","type":"image\/jpeg"}],"twitter_card":"summary_large_image","twitter_misc":{"Dur\u00e9e de lecture estim\u00e9e":"1 minute"},"schema":{"@context":"https:\/\/schema.org","@graph":[{"@type":"WebPage","@id":"https:\/\/changementsocialbenin.org\/index.php\/education-aux-droits-humains\/","url":"https:\/\/changementsocialbenin.org\/index.php\/education-aux-droits-humains\/","name":"Education aux droits humains - Changement social Benin","isPartOf":{"@id":"https:\/\/changementsocialbenin.org\/#website"},"primaryImageOfPage":{"@id":"https:\/\/changementsocialbenin.org\/index.php\/education-aux-droits-humains\/#primaryimage"},"image":{"@id":"https:\/\/changementsocialbenin.org\/index.php\/education-aux-droits-humains\/#primaryimage"},"thumbnailUrl":"https:\/\/changementsocialbenin.org\/wp-content\/uploads\/2022\/11\/IMG_20201223_161037_180-1024x768.jpg","datePublished":"2022-07-08T09:48:37+00:00","dateModified":"2024-07-25T11:34:49+00:00","breadcrumb":{"@id":"https:\/\/changementsocialbenin.org\/index.php\/education-aux-droits-humains\/#breadcrumb"},"inLanguage":"fr-FR","potentialAction":[{"@type":"ReadAction","target":["https:\/\/changementsocialbenin.org\/index.php\/education-aux-droits-humains\/"]}]},{"@type":"ImageObject","inLanguage":"fr-FR","@id":"https:\/\/changementsocialbenin.org\/index.php\/education-aux-droits-humains\/#primaryimage","url":"https:\/\/changementsocialbenin.org\/wp-content\/uploads\/2022\/11\/IMG_20201223_161037_180-scaled.jpg","contentUrl":"https:\/\/changementsocialbenin.org\/wp-content\/uploads\/2022\/11\/IMG_20201223_161037_180-scaled.jpg","width":2560,"height":1920,"caption":"Sensibilisation sur la Charte Africaine des principes et valeurs du service public et de l'administration"},{"@type":"BreadcrumbList","@id":"https:\/\/changementsocialbenin.org\/index.php\/education-aux-droits-humains\/#breadcrumb","itemListElement":[{"@type":"ListItem","position":1,"name":"Accueil","item":"https:\/\/changementsocialbenin.org\/"},{"@type":"ListItem","position":2,"name":"Education aux droits humains"}]},{"@type":"WebSite","@id":"https:\/\/changementsocialbenin.org\/#website","url":"https:\/\/changementsocialbenin.org\/","name":"Changement social Benin","description":"","potentialAction":[{"@type":"SearchAction","target":{"@type":"EntryPoint","urlTemplate":"https:\/\/changementsocialbenin.org\/?s={search_term_string}"},"query-input":{"@type":"PropertyValueSpecification","valueRequired":true,"valueName":"search_term_string"}}],"inLanguage":"fr-FR"}]}},"post_mailing_queue_ids":[],"_links":{"self":[{"href":"https:\/\/changementsocialbenin.org\/index.php\/wp-json\/wp\/v2\/pages\/552","targetHints":{"allow":["GET"]}}],"collection":[{"href":"https:\/\/changementsocialbenin.org\/index.php\/wp-json\/wp\/v2\/pages"}],"about":[{"href":"https:\/\/changementsocialbenin.org\/index.php\/wp-json\/wp\/v2\/types\/page"}],"author":[{"embeddable":true,"href":"https:\/\/changementsocialbenin.org\/index.php\/wp-json\/wp\/v2\/users\/1"}],"replies":[{"embeddable":true,"href":"https:\/\/changementsocialbenin.org\/index.php\/wp-json\/wp\/v2\/comments?post=552"}],"version-history":[{"count":67,"href":"https:\/\/changementsocialbenin.org\/index.php\/wp-json\/wp\/v2\/pages\/552\/revisions"}],"predecessor-version":[{"id":3098,"href":"https:\/\/changementsocialbenin.org\/index.php\/wp-json\/wp\/v2\/pages\/552\/revisions\/3098"}],"wp:attachment":[{"href":"https:\/\/changementsocialbenin.org\/index.php\/wp-json\/wp\/v2\/media?parent=552"}],"curies":[{"name":"wp","href":"https:\/\/api.w.org\/{rel}","templated":true}]}}