{"id":43,"date":"2022-07-05T21:25:41","date_gmt":"2022-07-05T19:25:41","guid":{"rendered":"http:\/\/changementsocialbenin.com\/?page_id=43"},"modified":"2022-10-17T15:28:36","modified_gmt":"2022-10-17T13:28:36","slug":"presentation-csb","status":"publish","type":"page","link":"https:\/\/changementsocialbenin.org\/index.php\/presentation-csb\/","title":{"rendered":"Pr\u00e9sentation CSB"},"content":{"rendered":"\t\t<div data-elementor-type=\"wp-page\" data-elementor-id=\"43\" class=\"elementor elementor-43\" data-elementor-settings=\"{&quot;ha_cmc_init_switcher&quot;:&quot;no&quot;}\" data-elementor-post-type=\"page\">\n\t\t\t\t\t\t<section class=\"elementor-section elementor-top-section elementor-element elementor-element-711fe64b elementor-section-full_width elementor-section-height-default elementor-section-height-default wpr-particle-no wpr-jarallax-no wpr-parallax-no wpr-sticky-section-no\" data-id=\"711fe64b\" data-element_type=\"section\" data-settings=\"{&quot;background_background&quot;:&quot;classic&quot;,&quot;background_motion_fx_motion_fx_scrolling&quot;:&quot;yes&quot;,&quot;background_motion_fx_translateY_effect&quot;:&quot;yes&quot;,&quot;background_motion_fx_translateY_speed&quot;:{&quot;unit&quot;:&quot;px&quot;,&quot;size&quot;:3.8999999999999999,&quot;sizes&quot;:[]},&quot;background_motion_fx_translateY_affectedRange&quot;:{&quot;unit&quot;:&quot;%&quot;,&quot;size&quot;:&quot;&quot;,&quot;sizes&quot;:{&quot;start&quot;:0,&quot;end&quot;:100}},&quot;background_motion_fx_devices&quot;:[&quot;desktop&quot;,&quot;tablet&quot;,&quot;mobile&quot;],&quot;_ha_eqh_enable&quot;:false}\">\n\t\t\t\t\t\t<div class=\"elementor-container elementor-column-gap-default\">\n\t\t\t\t\t<div class=\"elementor-column elementor-col-100 elementor-top-column elementor-element elementor-element-1fce1cb3\" data-id=\"1fce1cb3\" data-element_type=\"column\">\n\t\t\t<div class=\"elementor-widget-wrap elementor-element-populated\">\n\t\t\t\t\t\t<div class=\"elementor-element elementor-element-10d87c77 elementor-widget elementor-widget-heading\" data-id=\"10d87c77\" data-element_type=\"widget\" data-widget_type=\"heading.default\">\n\t\t\t\t<div class=\"elementor-widget-container\">\n\t\t\t\t\t<h2 class=\"elementor-heading-title elementor-size-default\">Pr\u00e9sentation CSB<\/h2>\t\t\t\t<\/div>\n\t\t\t\t<\/div>\n\t\t\t\t\t<\/div>\n\t\t<\/div>\n\t\t\t\t\t<\/div>\n\t\t<\/section>\n\t\t\t\t<section class=\"elementor-section elementor-top-section elementor-element elementor-element-4a422b70 elementor-section-boxed elementor-section-height-default elementor-section-height-default wpr-particle-no wpr-jarallax-no wpr-parallax-no wpr-sticky-section-no\" data-id=\"4a422b70\" data-element_type=\"section\" id=\"xs_testi_5\" data-settings=\"{&quot;background_background&quot;:&quot;classic&quot;,&quot;_ha_eqh_enable&quot;:false}\">\n\t\t\t\t\t\t<div class=\"elementor-container elementor-column-gap-default\">\n\t\t\t\t\t<div class=\"elementor-column elementor-col-100 elementor-top-column elementor-element elementor-element-651e5cbf\" data-id=\"651e5cbf\" data-element_type=\"column\">\n\t\t\t<div class=\"elementor-widget-wrap elementor-element-populated\">\n\t\t\t\t\t\t<section class=\"elementor-section elementor-inner-section elementor-element elementor-element-33db24ad elementor-section-boxed elementor-section-height-default elementor-section-height-default wpr-particle-no wpr-jarallax-no wpr-parallax-no wpr-sticky-section-no\" data-id=\"33db24ad\" data-element_type=\"section\" data-settings=\"{&quot;_ha_eqh_enable&quot;:false}\">\n\t\t\t\t\t\t<div class=\"elementor-container elementor-column-gap-default\">\n\t\t\t\t\t<div class=\"elementor-column elementor-col-100 elementor-inner-column elementor-element elementor-element-786f825\" data-id=\"786f825\" data-element_type=\"column\">\n\t\t\t<div class=\"elementor-widget-wrap elementor-element-populated\">\n\t\t\t\t\t\t<div class=\"elementor-element elementor-element-59aafec4 elementor-widget elementor-widget-elementskit-testimonial\" data-id=\"59aafec4\" data-element_type=\"widget\" data-widget_type=\"elementskit-testimonial.default\">\n\t\t\t\t<div class=\"elementor-widget-container\">\n\t\t\t\t\t<div class=\"ekit-wid-con\" ><div class=\"elementskit-testimonial-slider arrow_inside elementskit-default-testimonial slider-dotted\" data-config=\"{&quot;rtl&quot;:false,&quot;arrows&quot;:false,&quot;dots&quot;:true,&quot;pauseOnHover&quot;:true,&quot;autoplay&quot;:false,&quot;speed&quot;:&quot;5000&quot;,&quot;slidesPerGroup&quot;:1,&quot;slidesPerView&quot;:1,&quot;loop&quot;:false,&quot;spaceBetween&quot;:15,&quot;breakpoints&quot;:{&quot;320&quot;:{&quot;slidesPerView&quot;:1,&quot;slidesPerGroup&quot;:1,&quot;spaceBetween&quot;:10},&quot;768&quot;:{&quot;slidesPerView&quot;:2,&quot;slidesPerGroup&quot;:1,&quot;spaceBetween&quot;:10},&quot;1024&quot;:{&quot;slidesPerView&quot;:1,&quot;slidesPerGroup&quot;:1,&quot;spaceBetween&quot;:15}}}\">\n\t<div class=\"ekit-main-swiper swiper\">\n\t\t<div class=\"swiper-wrapper\">\n\t\t\t\t\t\t\t<div class=\"swiper-slide\">\n\t\t\t\t\t<div class=\"swiper-slide-inner\">\n\t\t\t\t\t\t<div class=\"elemntskit-testimonial-item\" >\n\t\t\t\t\t\t\t<div class=\"elementskit-single-testimonial-slider \">\n\t\t\t\t\t\t\t\t<div class=\"row\">\n\t\t\t\t\t\t\t\t\t<div class=\"col-lg-6 elementkit-testimonial-col\">\n\t\t\t\t\t\t\t\t\t\t<div class=\"elementskit-commentor-content\">\n\t\t\t\t\t\t\t\t\t\t\t\t\t\t\t\t\t\t\t\t\t\t\t\t\t\t\t\t\t\t\t\t\t\t<p>L\u2019organisation s\u2019investit dans l\u2019Education aux droits humains, le monitoring des droits humains \u00e0 travers la Surveillance Documentation et le Rapportage (SDR), et travaille \u00e0 donner une r\u00e9ponse rapide aux alertes sur situation de violation et\/ ou d\u2019atteinte au droit humain, par le plaidoyer et le lobbying ; le rapportage devant les organes de trait\u00e9s ; le suivi de la mise en \u0153uvre des recommandations de l\u2019Examen P\u00e9riodique Universel et des autres organes de trait\u00e9s des Nations Unies ainsi que les m\u00e9canismes africains ; le contr\u00f4le citoyen de l\u2019action publique et le leadership des femmes et des jeunes.<\/p>\n\t\t\t\t\t\t\t\t\t\t\t\t\t\t\t\t\t\t\t\t\t\t\t\t\t\t\t\t\t\t\t\t\t\t<span class=\"elementskit-border-hr\"><\/span>\n\t\t\t\t\t\t\t\t\t\t\t\t\t\t\t\t\t\t\t\t\t\t<span class=\"elementskit-profile-info\">\n\t\t\t\t\t\t\t\t\t\t\t\t<strong class=\"elementskit-author-name\">Nom et Prenon<\/strong>\n\t\t\t\t\t\t\t\t\t\t\t\t<span class=\"elementskit-author-des\">Fonction<\/span>\n\t\t\t\t\t\t\t\t\t\t\t<\/span>\n\t\t\t\t\t\t\t\t\t\t<\/div>\n\t\t\t\t\t\t\t\t\t<\/div>\n\t\t\t\t\t\t\t\t\t<div class=\"col-lg-6 elementkit-testimonial-col\">\n\t\t\t\t\t\t\t\t\t\t<div class=\"elementskit-profile-image-card\">\n\t\t\t\t\t\t\t\t\t\t\t<img fetchpriority=\"high\" decoding=\"async\" width=\"1536\" height=\"1152\" src=\"https:\/\/changementsocialbenin.org\/wp-content\/uploads\/2022\/07\/P1120923-1536x1152-1.jpg\" class=\"attachment-full size-full\" alt=\"\" srcset=\"https:\/\/changementsocialbenin.org\/wp-content\/uploads\/2022\/07\/P1120923-1536x1152-1.jpg 1536w, https:\/\/changementsocialbenin.org\/wp-content\/uploads\/2022\/07\/P1120923-1536x1152-1-300x225.jpg 300w, https:\/\/changementsocialbenin.org\/wp-content\/uploads\/2022\/07\/P1120923-1536x1152-1-1024x768.jpg 1024w, https:\/\/changementsocialbenin.org\/wp-content\/uploads\/2022\/07\/P1120923-1536x1152-1-768x576.jpg 768w, https:\/\/changementsocialbenin.org\/wp-content\/uploads\/2022\/07\/P1120923-1536x1152-1-200x150.jpg 200w\" sizes=\"(max-width: 1536px) 100vw, 1536px\" \/>\t\t\t\t\t\t\t\t\t\t\t\t\t\t\t\t\t\t\t\t\t<\/div>\n\t\t\t\t\t\t\t\t\t<\/div>\n\t\t\t\t\t\t\t\t<\/div>\n\t\t\t\t\t\t\t<\/div>\n\t\t\t\t\t\t<\/div>\n\t\t\t\t\t<\/div>\n\t\t\t\t<\/div>\n\t\t\t\t\t<\/div>\n\n\t\t\t\t\t<div class=\"swiper-pagination\"><\/div>\n\t\t\n\t\t\t<\/div>\n<\/div>\n<\/div>\t\t\t\t<\/div>\n\t\t\t\t<\/div>\n\t\t\t\t\t<\/div>\n\t\t<\/div>\n\t\t\t\t\t<\/div>\n\t\t<\/section>\n\t\t\t\t\t<\/div>\n\t\t<\/div>\n\t\t\t\t\t<\/div>\n\t\t<\/section>\n\t\t\t\t<\/div>\n\t\t","protected":false},"excerpt":{"rendered":"<p>L\u2019organisation s\u2019investit dans l\u2019Education aux droits humains, le monitoring des droits humains \u00e0 travers la Surveillance Documentation et le Rapportage (SDR), et travaille \u00e0 donner une r\u00e9ponse rapide aux alertes sur situation de violation et\/ ou d\u2019atteinte au droit humain, par le plaidoyer et le lobbying ; le rapportage devant les organes de trait\u00e9s ; le suivi de la mise en \u0153uvre des recommandations de l\u2019Examen P\u00e9riodique Universel et des autres organes de trait\u00e9s des Nations Unies ainsi que les m\u00e9canismes africains ; le contr\u00f4le citoyen de l\u2019action publique et le leadership des femmes et des jeunes. Nom et Prenon Fonction<\/p>\n","protected":false},"author":1,"featured_media":0,"parent":0,"menu_order":0,"comment_status":"closed","ping_status":"closed","template":"elementor_header_footer","meta":{"footnotes":""},"class_list":["post-43","page","type-page","status-publish","hentry"],"yoast_head":"<!-- This site is optimized with the Yoast SEO Premium plugin v22.8 (Yoast SEO v24.8.1) - https:\/\/yoast.com\/wordpress\/plugins\/seo\/ -->\n<title>Pr\u00e9sentation CSB - Changement social Benin<\/title>\n<meta name=\"robots\" content=\"index, follow, max-snippet:-1, max-image-preview:large, max-video-preview:-1\" \/>\n<link rel=\"canonical\" href=\"https:\/\/changementsocialbenin.org\/index.php\/presentation-csb\/\" \/>\n<meta property=\"og:locale\" content=\"fr_FR\" \/>\n<meta property=\"og:type\" content=\"article\" \/>\n<meta property=\"og:title\" content=\"Pr\u00e9sentation CSB\" \/>\n<meta property=\"og:description\" content=\"L\u2019organisation s\u2019investit dans l\u2019Education aux droits humains, le monitoring des droits humains \u00e0 travers la Surveillance Documentation et le Rapportage (SDR), et travaille \u00e0 donner une r\u00e9ponse rapide aux alertes sur situation de violation et\/ ou d\u2019atteinte au droit humain, par le plaidoyer et le lobbying ; le rapportage devant les organes de trait\u00e9s ; le suivi de la mise en \u0153uvre des recommandations de l\u2019Examen P\u00e9riodique Universel et des autres organes de trait\u00e9s des Nations Unies ainsi que les m\u00e9canismes africains ; le contr\u00f4le citoyen de l\u2019action publique et le leadership des femmes et des jeunes. Nom et Prenon Fonction\" \/>\n<meta property=\"og:url\" content=\"https:\/\/changementsocialbenin.org\/index.php\/presentation-csb\/\" \/>\n<meta property=\"og:site_name\" content=\"Changement social Benin\" \/>\n<meta property=\"article:modified_time\" content=\"2022-10-17T13:28:36+00:00\" \/>\n<meta property=\"og:image\" content=\"https:\/\/changementsocialbenin.org\/wp-content\/uploads\/2022\/07\/P1120923-1536x1152-1.jpg\" \/>\n<meta name=\"twitter:card\" content=\"summary_large_image\" \/>\n<meta name=\"twitter:label1\" content=\"Dur\u00e9e de lecture estim\u00e9e\" \/>\n\t<meta name=\"twitter:data1\" content=\"1 minute\" \/>\n<script type=\"application\/ld+json\" class=\"yoast-schema-graph\">{\"@context\":\"https:\/\/schema.org\",\"@graph\":[{\"@type\":\"WebPage\",\"@id\":\"https:\/\/changementsocialbenin.org\/index.php\/presentation-csb\/\",\"url\":\"https:\/\/changementsocialbenin.org\/index.php\/presentation-csb\/\",\"name\":\"Pr\u00e9sentation CSB - Changement social Benin\",\"isPartOf\":{\"@id\":\"https:\/\/changementsocialbenin.org\/#website\"},\"primaryImageOfPage\":{\"@id\":\"https:\/\/changementsocialbenin.org\/index.php\/presentation-csb\/#primaryimage\"},\"image\":{\"@id\":\"https:\/\/changementsocialbenin.org\/index.php\/presentation-csb\/#primaryimage\"},\"thumbnailUrl\":\"https:\/\/changementsocialbenin.org\/wp-content\/uploads\/2022\/07\/P1120923-1536x1152-1.jpg\",\"datePublished\":\"2022-07-05T19:25:41+00:00\",\"dateModified\":\"2022-10-17T13:28:36+00:00\",\"breadcrumb\":{\"@id\":\"https:\/\/changementsocialbenin.org\/index.php\/presentation-csb\/#breadcrumb\"},\"inLanguage\":\"fr-FR\",\"potentialAction\":[{\"@type\":\"ReadAction\",\"target\":[\"https:\/\/changementsocialbenin.org\/index.php\/presentation-csb\/\"]}]},{\"@type\":\"ImageObject\",\"inLanguage\":\"fr-FR\",\"@id\":\"https:\/\/changementsocialbenin.org\/index.php\/presentation-csb\/#primaryimage\",\"url\":\"https:\/\/changementsocialbenin.org\/wp-content\/uploads\/2022\/07\/P1120923-1536x1152-1.jpg\",\"contentUrl\":\"https:\/\/changementsocialbenin.org\/wp-content\/uploads\/2022\/07\/P1120923-1536x1152-1.jpg\",\"width\":1536,\"height\":1152},{\"@type\":\"BreadcrumbList\",\"@id\":\"https:\/\/changementsocialbenin.org\/index.php\/presentation-csb\/#breadcrumb\",\"itemListElement\":[{\"@type\":\"ListItem\",\"position\":1,\"name\":\"Accueil\",\"item\":\"https:\/\/changementsocialbenin.org\/\"},{\"@type\":\"ListItem\",\"position\":2,\"name\":\"Pr\u00e9sentation CSB\"}]},{\"@type\":\"WebSite\",\"@id\":\"https:\/\/changementsocialbenin.org\/#website\",\"url\":\"https:\/\/changementsocialbenin.org\/\",\"name\":\"Changement social Benin\",\"description\":\"\",\"potentialAction\":[{\"@type\":\"SearchAction\",\"target\":{\"@type\":\"EntryPoint\",\"urlTemplate\":\"https:\/\/changementsocialbenin.org\/?s={search_term_string}\"},\"query-input\":{\"@type\":\"PropertyValueSpecification\",\"valueRequired\":true,\"valueName\":\"search_term_string\"}}],\"inLanguage\":\"fr-FR\"}]}<\/script>\n<!-- \/ Yoast SEO Premium plugin. -->","yoast_head_json":{"title":"Pr\u00e9sentation CSB - Changement social Benin","robots":{"index":"index","follow":"follow","max-snippet":"max-snippet:-1","max-image-preview":"max-image-preview:large","max-video-preview":"max-video-preview:-1"},"canonical":"https:\/\/changementsocialbenin.org\/index.php\/presentation-csb\/","og_locale":"fr_FR","og_type":"article","og_title":"Pr\u00e9sentation CSB","og_description":"L\u2019organisation s\u2019investit dans l\u2019Education aux droits humains, le monitoring des droits humains \u00e0 travers la Surveillance Documentation et le Rapportage (SDR), et travaille \u00e0 donner une r\u00e9ponse rapide aux alertes sur situation de violation et\/ ou d\u2019atteinte au droit humain, par le plaidoyer et le lobbying ; le rapportage devant les organes de trait\u00e9s ; le suivi de la mise en \u0153uvre des recommandations de l\u2019Examen P\u00e9riodique Universel et des autres organes de trait\u00e9s des Nations Unies ainsi que les m\u00e9canismes africains ; le contr\u00f4le citoyen de l\u2019action publique et le leadership des femmes et des jeunes. Nom et Prenon Fonction","og_url":"https:\/\/changementsocialbenin.org\/index.php\/presentation-csb\/","og_site_name":"Changement social Benin","article_modified_time":"2022-10-17T13:28:36+00:00","og_image":[{"url":"https:\/\/changementsocialbenin.org\/wp-content\/uploads\/2022\/07\/P1120923-1536x1152-1.jpg","type":"","width":"","height":""}],"twitter_card":"summary_large_image","twitter_misc":{"Dur\u00e9e de lecture estim\u00e9e":"1 minute"},"schema":{"@context":"https:\/\/schema.org","@graph":[{"@type":"WebPage","@id":"https:\/\/changementsocialbenin.org\/index.php\/presentation-csb\/","url":"https:\/\/changementsocialbenin.org\/index.php\/presentation-csb\/","name":"Pr\u00e9sentation CSB - Changement social Benin","isPartOf":{"@id":"https:\/\/changementsocialbenin.org\/#website"},"primaryImageOfPage":{"@id":"https:\/\/changementsocialbenin.org\/index.php\/presentation-csb\/#primaryimage"},"image":{"@id":"https:\/\/changementsocialbenin.org\/index.php\/presentation-csb\/#primaryimage"},"thumbnailUrl":"https:\/\/changementsocialbenin.org\/wp-content\/uploads\/2022\/07\/P1120923-1536x1152-1.jpg","datePublished":"2022-07-05T19:25:41+00:00","dateModified":"2022-10-17T13:28:36+00:00","breadcrumb":{"@id":"https:\/\/changementsocialbenin.org\/index.php\/presentation-csb\/#breadcrumb"},"inLanguage":"fr-FR","potentialAction":[{"@type":"ReadAction","target":["https:\/\/changementsocialbenin.org\/index.php\/presentation-csb\/"]}]},{"@type":"ImageObject","inLanguage":"fr-FR","@id":"https:\/\/changementsocialbenin.org\/index.php\/presentation-csb\/#primaryimage","url":"https:\/\/changementsocialbenin.org\/wp-content\/uploads\/2022\/07\/P1120923-1536x1152-1.jpg","contentUrl":"https:\/\/changementsocialbenin.org\/wp-content\/uploads\/2022\/07\/P1120923-1536x1152-1.jpg","width":1536,"height":1152},{"@type":"BreadcrumbList","@id":"https:\/\/changementsocialbenin.org\/index.php\/presentation-csb\/#breadcrumb","itemListElement":[{"@type":"ListItem","position":1,"name":"Accueil","item":"https:\/\/changementsocialbenin.org\/"},{"@type":"ListItem","position":2,"name":"Pr\u00e9sentation CSB"}]},{"@type":"WebSite","@id":"https:\/\/changementsocialbenin.org\/#website","url":"https:\/\/changementsocialbenin.org\/","name":"Changement social Benin","description":"","potentialAction":[{"@type":"SearchAction","target":{"@type":"EntryPoint","urlTemplate":"https:\/\/changementsocialbenin.org\/?s={search_term_string}"},"query-input":{"@type":"PropertyValueSpecification","valueRequired":true,"valueName":"search_term_string"}}],"inLanguage":"fr-FR"}]}},"post_mailing_queue_ids":[],"_links":{"self":[{"href":"https:\/\/changementsocialbenin.org\/index.php\/wp-json\/wp\/v2\/pages\/43","targetHints":{"allow":["GET"]}}],"collection":[{"href":"https:\/\/changementsocialbenin.org\/index.php\/wp-json\/wp\/v2\/pages"}],"about":[{"href":"https:\/\/changementsocialbenin.org\/index.php\/wp-json\/wp\/v2\/types\/page"}],"author":[{"embeddable":true,"href":"https:\/\/changementsocialbenin.org\/index.php\/wp-json\/wp\/v2\/users\/1"}],"replies":[{"embeddable":true,"href":"https:\/\/changementsocialbenin.org\/index.php\/wp-json\/wp\/v2\/comments?post=43"}],"version-history":[{"count":16,"href":"https:\/\/changementsocialbenin.org\/index.php\/wp-json\/wp\/v2\/pages\/43\/revisions"}],"predecessor-version":[{"id":1525,"href":"https:\/\/changementsocialbenin.org\/index.php\/wp-json\/wp\/v2\/pages\/43\/revisions\/1525"}],"wp:attachment":[{"href":"https:\/\/changementsocialbenin.org\/index.php\/wp-json\/wp\/v2\/media?parent=43"}],"curies":[{"name":"wp","href":"https:\/\/api.w.org\/{rel}","templated":true}]}}